{"id":973,"date":"2025-07-15T17:58:29","date_gmt":"2025-07-15T15:58:29","guid":{"rendered":"http:\/\/jaeger2go.local\/?page_id=973"},"modified":"2025-07-16T08:05:45","modified_gmt":"2025-07-16T06:05:45","slug":"klasse-6","status":"publish","type":"page","link":"https:\/\/jaeger.schule\/?page_id=973","title":{"rendered":"Klasse 6"},"content":{"rendered":"\n<p><strong>Vertiefung und Erweiterung mathematischer Grundkompetenzen<\/strong><\/p>\n\n\n\n<p>In Klasse 6 festigen die Sch\u00fclerinnen und Sch\u00fcler ihre bisher erworbenen mathematischen Kenntnisse und erweitern sie um zentrale neue Inhalte. Dabei werden sowohl Rechenfertigkeiten vertieft als auch zunehmend <strong>mathematische Zusammenh\u00e4nge<\/strong> verstanden und angewendet. Grundlage ist u.\u202fa. das Schulbuch <em>Schnittpunkt 6<\/em>.<\/p>\n\n\n\n<div style=\"height:31px\" aria-hidden=\"true\" class=\"wp-block-spacer\"><\/div>\n\n\n\n<h3 class=\"wp-block-heading\"><strong>1 Teilbarkeit und Br\u00fcche<\/strong><\/h3>\n\n\n\n<p>Zu Beginn besch\u00e4ftigen sich die Sch\u00fcler mit <strong>Teilbarkeitsregeln<\/strong>, <strong>Primzahlen<\/strong> und dem <strong>Erweitern und K\u00fcrzen von Br\u00fcchen<\/strong>. Dieses Wissen bildet die Grundlage f\u00fcr das Rechnen mit Br\u00fcchen und das Verst\u00e4ndnis von Zahlenverh\u00e4ltnissen.<\/p>\n\n\n\n<div style=\"height:31px\" aria-hidden=\"true\" class=\"wp-block-spacer\"><\/div>\n\n\n\n<h3 class=\"wp-block-heading\"><strong>2 Rechnen mit Br\u00fcchen<\/strong><\/h3>\n\n\n\n<p>Die Sch\u00fcler lernen, <strong>Br\u00fcche zu addieren, zu subtrahieren, zu multiplizieren und zu dividieren<\/strong>. Dabei wird besonderes Augenmerk auf die <strong>Anwendung in Sachaufgaben<\/strong> und auf das Finden gemeinsamer Nenner gelegt.<\/p>\n\n\n\n<div style=\"height:31px\" aria-hidden=\"true\" class=\"wp-block-spacer\"><\/div>\n\n\n\n<h3 class=\"wp-block-heading\"><strong>3 K\u00f6rper<\/strong><\/h3>\n\n\n\n<p>In der Geometrie lernen die Kinder verschiedene <strong>K\u00f6rperformen<\/strong> wie W\u00fcrfel, Quader, Zylinder, Pyramiden und Prismen kennen. Sie erkennen <strong>Eigenschaften und Unterschiede<\/strong> und stellen K\u00f6rper mit <strong>Netzen und Schr\u00e4gbildern<\/strong> dar.<\/p>\n\n\n\n<div style=\"height:31px\" aria-hidden=\"true\" class=\"wp-block-spacer\"><\/div>\n\n\n\n<h3 class=\"wp-block-heading\"><strong>4 Dezimalzahlen<\/strong><\/h3>\n\n\n\n<p>Die Sch\u00fcler erweitern ihr Zahlenverst\u00e4ndnis durch das Arbeiten mit <strong>Zehntel, Hundertstel und Tausendstel<\/strong>. Sie lernen, <strong>Dezimalzahlen zu lesen, zu schreiben, zu ordnen und zu runden<\/strong>.<\/p>\n\n\n\n<div style=\"height:31px\" aria-hidden=\"true\" class=\"wp-block-spacer\"><\/div>\n\n\n\n<h3 class=\"wp-block-heading\"><strong>5 Rechnen mit Dezimalzahlen<\/strong><\/h3>\n\n\n\n<p>In diesem Kapitel werden die vier Grundrechenarten mit Dezimalzahlen behandelt \u2013 sowohl <strong>schriftlich als auch im Kopf<\/strong>. Anwendungen in <strong>Alltagssituationen wie Geld, L\u00e4ngen oder Gewichten<\/strong> stehen im Vordergrund.<\/p>\n\n\n\n<div style=\"height:31px\" aria-hidden=\"true\" class=\"wp-block-spacer\"><\/div>\n\n\n\n<h3 class=\"wp-block-heading\"><strong>6 Terme und Gleichungen<\/strong><\/h3>\n\n\n\n<p>Die Sch\u00fcler lernen, <strong>einfache Terme aufzustellen, zu vereinfachen und zu berechnen<\/strong>. Darauf aufbauend werden erste <strong>lineare Gleichungen<\/strong> gel\u00f6st, z.\u202fB. mit Umkehrrechnungen und Gleichungen mit Klammern.<\/p>\n\n\n\n<div style=\"height:31px\" aria-hidden=\"true\" class=\"wp-block-spacer\"><\/div>\n\n\n\n<h3 class=\"wp-block-heading\"><strong>7 Berechnungen am Quader<\/strong><\/h3>\n\n\n\n<p>Es wird vertieft, wie man den <strong>Oberfl\u00e4cheninhalt und das Volumen<\/strong> von <strong>Quadern und W\u00fcrfeln<\/strong> berechnet. Dazu kommen <strong>praktische Anwendungen<\/strong> wie das Ausrechnen von Verpackungen oder Rauminhalten.<\/p>\n\n\n\n<div style=\"height:31px\" aria-hidden=\"true\" class=\"wp-block-spacer\"><\/div>\n\n\n\n<h3 class=\"wp-block-heading\"><strong>8 Zuordnungen<\/strong><\/h3>\n\n\n\n<p>Die Sch\u00fclerinnen und Sch\u00fcler lernen, <strong>Zusammenh\u00e4nge zwischen Gr\u00f6\u00dfen<\/strong> darzustellen \u2013 z.\u202fB. mit <strong>Tabellen, Diagrammen und einfachen Formeln<\/strong>. Auch <strong>proportionale Zuordnungen<\/strong> werden eingef\u00fchrt.<\/p>\n\n\n\n<div style=\"height:31px\" aria-hidden=\"true\" class=\"wp-block-spacer\"><\/div>\n\n\n\n<h3 class=\"wp-block-heading\"><strong>9 Daten darstellen und auswerten<\/strong><\/h3>\n\n\n\n<p>In diesem Kapitel wird gezeigt, wie man <strong>Daten erhebt, grafisch darstellt (Balken-, S\u00e4ulen-, Kreisdiagramme)<\/strong> und <strong>auswertet<\/strong>. Die Sch\u00fcler lernen, aus <strong>Tabellen und Diagrammen Informationen zu entnehmen und zu vergleichen<\/strong>.<\/p>\n\n\n\n<div style=\"height:31px\" aria-hidden=\"true\" class=\"wp-block-spacer\"><\/div>\n\n\n\n<h3 class=\"wp-block-heading\"><strong>10 Rationale Zahlen<\/strong><\/h3>\n\n\n\n<p>Am Ende des Schuljahres lernen die Sch\u00fcler das Zahlensystem der <strong>rationalen Zahlen<\/strong> kennen \u2013 also <strong>positive und negative Zahlen, sowie Br\u00fcche und Dezimalzahlen<\/strong>. Sie \u00fcben den <strong>sicheren Umgang mit Vorzeichen<\/strong>, insbesondere im Zusammenhang mit Temperaturen, Geld und H\u00f6henlagen.<\/p>\n\n\n\n<div style=\"height:31px\" aria-hidden=\"true\" class=\"wp-block-spacer\"><\/div>\n\n\n\n<h3 class=\"wp-block-heading\">\ud83c\udfaf Ziel des Mathematikunterrichts in Klasse 6:<\/h3>\n\n\n\n<p>Die Sch\u00fclerinnen und Sch\u00fcler sollen lernen, <strong>sicher zu rechnen<\/strong>, <strong>Zusammenh\u00e4nge zu erkennen<\/strong> und <strong>mathematische Probleme strukturiert zu l\u00f6sen<\/strong>. Der \u00dcbergang von konkretem Rechnen zu abstrakterem Denken wird vorbereitet.<\/p>\n\n\n\n<div style=\"height:31px\" aria-hidden=\"true\" class=\"wp-block-spacer\"><\/div>\n\n\n\n<p>\ud83d\udccc <strong>Hinweis f\u00fcr Eltern:<\/strong><br>In Klasse 6 sind <strong>regelm\u00e4\u00dfiges \u00dcben<\/strong>, <strong>das Besprechen von Rechenwegen<\/strong> und das Anwenden von Mathematik im Alltag besonders hilfreich \u2013 z.\u202fB. beim Einkaufen, Kochen oder Planen von Wegen und Zeiten.<\/p>\n","protected":false},"excerpt":{"rendered":"<p>Vertiefung und Erweiterung mathematischer Grundkompetenzen In Klasse 6 festigen die Sch\u00fclerinnen und Sch\u00fcler ihre bisher erworbenen mathematischen Kenntnisse und erweitern sie um zentrale neue Inhalte. Dabei werden sowohl Rechenfertigkeiten vertieft &#8230;<\/p>\n","protected":false},"author":2,"featured_media":0,"parent":914,"menu_order":0,"comment_status":"closed","ping_status":"closed","template":"","meta":{"footnotes":""},"class_list":["post-973","page","type-page","status-publish","hentry"],"featured_image_src":null,"_links":{"self":[{"href":"https:\/\/jaeger.schule\/index.php?rest_route=\/wp\/v2\/pages\/973","targetHints":{"allow":["GET"]}}],"collection":[{"href":"https:\/\/jaeger.schule\/index.php?rest_route=\/wp\/v2\/pages"}],"about":[{"href":"https:\/\/jaeger.schule\/index.php?rest_route=\/wp\/v2\/types\/page"}],"author":[{"embeddable":true,"href":"https:\/\/jaeger.schule\/index.php?rest_route=\/wp\/v2\/users\/2"}],"replies":[{"embeddable":true,"href":"https:\/\/jaeger.schule\/index.php?rest_route=%2Fwp%2Fv2%2Fcomments&post=973"}],"version-history":[{"count":3,"href":"https:\/\/jaeger.schule\/index.php?rest_route=\/wp\/v2\/pages\/973\/revisions"}],"predecessor-version":[{"id":1111,"href":"https:\/\/jaeger.schule\/index.php?rest_route=\/wp\/v2\/pages\/973\/revisions\/1111"}],"up":[{"embeddable":true,"href":"https:\/\/jaeger.schule\/index.php?rest_route=\/wp\/v2\/pages\/914"}],"wp:attachment":[{"href":"https:\/\/jaeger.schule\/index.php?rest_route=%2Fwp%2Fv2%2Fmedia&parent=973"}],"curies":[{"name":"wp","href":"https:\/\/api.w.org\/{rel}","templated":true}]}}