{"id":42,"date":"2024-06-12T09:06:01","date_gmt":"2024-06-12T07:06:01","guid":{"rendered":"http:\/\/jaeger2go.local\/?page_id=42"},"modified":"2025-07-17T18:00:53","modified_gmt":"2025-07-17T16:00:53","slug":"impressum","status":"publish","type":"page","link":"https:\/\/jaeger.schule\/?page_id=42","title":{"rendered":"IMPRESSUM"},"content":{"rendered":"\n<p><strong>Angaben gem\u00e4\u00df \u00a7 5 TMG<\/strong><\/p>\n\n\n\n<p>Alex Jaeger<br>Gro\u00dftobelerstra\u00dfe 22<br>88276 Berg<\/p>\n\n\n\n<p><strong>Kontakt<\/strong><br>Telefon: 0751 9512 6688<br>E-Mail: <a>mail@jaeger2go.local<\/a><\/p>\n\n\n\n<p><strong>Verantwortlich f\u00fcr den Inhalt nach \u00a7 55 Abs. 2 RStV<\/strong><br>Alex Jaeger<br>Gro\u00dftobelerstra\u00dfe 22<br>88276 Bergfolgt<\/p>\n","protected":false},"excerpt":{"rendered":"<p>Angaben gem\u00e4\u00df \u00a7 5 TMG Alex JaegerGro\u00dftobelerstra\u00dfe 2288276 Berg KontaktTelefon: 0751 9512 6688E-Mail: mail@jaeger2go.local Verantwortlich f\u00fcr den Inhalt nach \u00a7 55 Abs. 2 RStVAlex JaegerGro\u00dftobelerstra\u00dfe 2288276 Bergfolgt<\/p>\n","protected":false},"author":2,"featured_media":0,"parent":0,"menu_order":0,"comment_status":"closed","ping_status":"closed","template":"","meta":{"footnotes":""},"class_list":["post-42","page","type-page","status-publish","hentry"],"featured_image_src":null,"_links":{"self":[{"href":"https:\/\/jaeger.schule\/index.php?rest_route=\/wp\/v2\/pages\/42","targetHints":{"allow":["GET"]}}],"collection":[{"href":"https:\/\/jaeger.schule\/index.php?rest_route=\/wp\/v2\/pages"}],"about":[{"href":"https:\/\/jaeger.schule\/index.php?rest_route=\/wp\/v2\/types\/page"}],"author":[{"embeddable":true,"href":"https:\/\/jaeger.schule\/index.php?rest_route=\/wp\/v2\/users\/2"}],"replies":[{"embeddable":true,"href":"https:\/\/jaeger.schule\/index.php?rest_route=%2Fwp%2Fv2%2Fcomments&post=42"}],"version-history":[{"count":5,"href":"https:\/\/jaeger.schule\/index.php?rest_route=\/wp\/v2\/pages\/42\/revisions"}],"predecessor-version":[{"id":1255,"href":"https:\/\/jaeger.schule\/index.php?rest_route=\/wp\/v2\/pages\/42\/revisions\/1255"}],"wp:attachment":[{"href":"https:\/\/jaeger.schule\/index.php?rest_route=%2Fwp%2Fv2%2Fmedia&parent=42"}],"curies":[{"name":"wp","href":"https:\/\/api.w.org\/{rel}","templated":true}]}}