{"id":1191,"date":"2025-07-16T19:15:48","date_gmt":"2025-07-16T17:15:48","guid":{"rendered":"http:\/\/jaeger2go.local\/?page_id=1191"},"modified":"2025-07-16T19:17:27","modified_gmt":"2025-07-16T17:17:27","slug":"seitenzahlen-einfuegen","status":"publish","type":"page","link":"https:\/\/jaeger.schule\/?page_id=1191","title":{"rendered":"Seitenzahlen"},"content":{"rendered":"\n<p>Klicke im Men\u00fc <strong>EINF\u00dcGEN <\/strong>unter &#8222;<strong>Kopf und Fu\u00dfzeile<\/strong>&#8220; auf &#8222;<strong>Seitenzahl > Seitenende > Einfache Zahl 3<\/strong>&#8222;.<\/p>\n\n\n\n<figure class=\"wp-block-image size-full\"><img loading=\"lazy\" decoding=\"async\" width=\"716\" height=\"477\" src=\"https:\/\/jaeger.schule\/wp-content\/uploads\/2025\/07\/seitenzahlen.png\" alt=\"\" class=\"wp-image-1192\" srcset=\"https:\/\/jaeger.schule\/wp-content\/uploads\/2025\/07\/seitenzahlen.png 716w, https:\/\/jaeger.schule\/wp-content\/uploads\/2025\/07\/seitenzahlen-300x200.png 300w\" sizes=\"auto, (max-width: 716px) 100vw, 716px\" \/><\/figure>\n","protected":false},"excerpt":{"rendered":"<p>Klicke im Men\u00fc EINF\u00dcGEN unter &#8222;Kopf und Fu\u00dfzeile&#8220; auf &#8222;Seitenzahl > Seitenende > Einfache Zahl 3&#8222;.<\/p>\n","protected":false},"author":2,"featured_media":0,"parent":1132,"menu_order":0,"comment_status":"closed","ping_status":"closed","template":"","meta":{"footnotes":""},"class_list":["post-1191","page","type-page","status-publish","hentry"],"featured_image_src":null,"_links":{"self":[{"href":"https:\/\/jaeger.schule\/index.php?rest_route=\/wp\/v2\/pages\/1191","targetHints":{"allow":["GET"]}}],"collection":[{"href":"https:\/\/jaeger.schule\/index.php?rest_route=\/wp\/v2\/pages"}],"about":[{"href":"https:\/\/jaeger.schule\/index.php?rest_route=\/wp\/v2\/types\/page"}],"author":[{"embeddable":true,"href":"https:\/\/jaeger.schule\/index.php?rest_route=\/wp\/v2\/users\/2"}],"replies":[{"embeddable":true,"href":"https:\/\/jaeger.schule\/index.php?rest_route=%2Fwp%2Fv2%2Fcomments&post=1191"}],"version-history":[{"count":2,"href":"https:\/\/jaeger.schule\/index.php?rest_route=\/wp\/v2\/pages\/1191\/revisions"}],"predecessor-version":[{"id":1196,"href":"https:\/\/jaeger.schule\/index.php?rest_route=\/wp\/v2\/pages\/1191\/revisions\/1196"}],"up":[{"embeddable":true,"href":"https:\/\/jaeger.schule\/index.php?rest_route=\/wp\/v2\/pages\/1132"}],"wp:attachment":[{"href":"https:\/\/jaeger.schule\/index.php?rest_route=%2Fwp%2Fv2%2Fmedia&parent=1191"}],"curies":[{"name":"wp","href":"https:\/\/api.w.org\/{rel}","templated":true}]}}