{"id":1144,"date":"2025-07-16T16:25:35","date_gmt":"2025-07-16T14:25:35","guid":{"rendered":"http:\/\/jaeger2go.local\/?page_id=1144"},"modified":"2025-07-17T18:01:28","modified_gmt":"2025-07-17T16:01:28","slug":"links","status":"publish","type":"page","link":"https:\/\/jaeger.schule\/?page_id=1144","title":{"rendered":"LINKS"},"content":{"rendered":"\n<p><a href=\"https:\/\/pixabay.com\/de\/\" target=\"_blank\" rel=\"noreferrer noopener\"><strong>Pixabay<\/strong> <\/a>ist eine <strong>kostenlose Online-Plattform f\u00fcr Fotos, Illustrationen, Vektorgrafiken, Videos und Musik<\/strong>, die von Nutzerinnen und Nutzern weltweit zur Verf\u00fcgung gestellt werden. Die Inhalte auf Pixabay stehen unter der <strong>Pixabay-Lizenz<\/strong>, was bedeutet:<\/p>\n\n\n\n<ul class=\"wp-block-list\">\n<li><strong>Kostenlose Nutzung<\/strong> \u2013 auch f\u00fcr kommerzielle Zwecke<\/li>\n\n\n\n<li><strong>Keine Namensnennung erforderlich<\/strong> (obwohl sie erw\u00fcnscht ist)<\/li>\n\n\n\n<li><strong>Bearbeitung erlaubt<\/strong><\/li>\n<\/ul>\n\n\n\n<p>Pixabay ist besonders beliebt bei Webdesignern, Lehrkr\u00e4ften, Kreativen und Content-Erstellern, weil die Nutzung einfach und rechtssicher ist \u2013 ohne komplizierte Lizenzbedingungen.<\/p>\n\n\n\n<div style=\"height:52px\" aria-hidden=\"true\" class=\"wp-block-spacer\"><\/div>\n\n\n\n<p><a href=\"https:\/\/de.serlo.org\/\" target=\"_blank\" rel=\"noreferrer noopener\"><strong>Serlo.org<\/strong><\/a> ist eine leistungsf\u00e4hige, <strong>kostenfreie Bildungsplattform<\/strong>, die durch ihre offene, gemeinschaftliche Arbeitsweise und didaktisch vielf\u00e4ltige Formate <strong>echte Hilfe f\u00fcr selbstst\u00e4ndiges Lernen<\/strong> bietet \u2013 ideal f\u00fcr Sch\u00fclerinnen und Sch\u00fcler, Studierende, Lehrkr\u00e4fte und alle, die unabh\u00e4ngig und digital lernen m\u00f6chten.<\/p>\n\n\n\n<div style=\"height:52px\" aria-hidden=\"true\" class=\"wp-block-spacer\"><\/div>\n\n\n\n<p><\/p>\n","protected":false},"excerpt":{"rendered":"<p>Pixabay ist eine kostenlose Online-Plattform f\u00fcr Fotos, Illustrationen, Vektorgrafiken, Videos und Musik, die von Nutzerinnen und Nutzern weltweit zur Verf\u00fcgung gestellt werden. Die Inhalte auf Pixabay stehen unter der Pixabay-Lizenz, &#8230;<\/p>\n","protected":false},"author":2,"featured_media":0,"parent":0,"menu_order":0,"comment_status":"closed","ping_status":"closed","template":"","meta":{"footnotes":""},"class_list":["post-1144","page","type-page","status-publish","hentry"],"featured_image_src":null,"_links":{"self":[{"href":"https:\/\/jaeger.schule\/index.php?rest_route=\/wp\/v2\/pages\/1144","targetHints":{"allow":["GET"]}}],"collection":[{"href":"https:\/\/jaeger.schule\/index.php?rest_route=\/wp\/v2\/pages"}],"about":[{"href":"https:\/\/jaeger.schule\/index.php?rest_route=\/wp\/v2\/types\/page"}],"author":[{"embeddable":true,"href":"https:\/\/jaeger.schule\/index.php?rest_route=\/wp\/v2\/users\/2"}],"replies":[{"embeddable":true,"href":"https:\/\/jaeger.schule\/index.php?rest_route=%2Fwp%2Fv2%2Fcomments&post=1144"}],"version-history":[{"count":4,"href":"https:\/\/jaeger.schule\/index.php?rest_route=\/wp\/v2\/pages\/1144\/revisions"}],"predecessor-version":[{"id":1258,"href":"https:\/\/jaeger.schule\/index.php?rest_route=\/wp\/v2\/pages\/1144\/revisions\/1258"}],"wp:attachment":[{"href":"https:\/\/jaeger.schule\/index.php?rest_route=%2Fwp%2Fv2%2Fmedia&parent=1144"}],"curies":[{"name":"wp","href":"https:\/\/api.w.org\/{rel}","templated":true}]}}