{"id":1089,"date":"2025-07-16T07:41:52","date_gmt":"2025-07-16T05:41:52","guid":{"rendered":"http:\/\/jaeger2go.local\/?page_id=1089"},"modified":"2025-07-17T18:01:19","modified_gmt":"2025-07-17T16:01:19","slug":"kontakt","status":"publish","type":"page","link":"https:\/\/jaeger.schule\/?page_id=1089","title":{"rendered":"KONTAKT"},"content":{"rendered":"\n<h3 class=\"wp-block-heading\">\ud83d\udc68\u200d\ud83d\udc69\u200d\ud83d\udc67\u200d\ud83d\udc66 Sch\u00fcler &amp; Eltern<\/h3>\n\n\n\n<p>Bitte nutzt f\u00fcr schulische Anliegen den <strong><a href=\"https:\/\/login.schulmanager-online.de\/#\/dashboard\" target=\"_blank\" rel=\"noreferrer noopener\">Schulmanager<\/a><\/strong>. Dar\u00fcber erreicht ihr mich am zuverl\u00e4ssigsten im schulischen Rahmen.<\/p>\n\n\n\n<h3 class=\"wp-block-heading\">\u2709\ufe0f Alle anderen<\/h3>\n\n\n\n<p>F\u00fcr alle sonstigen Anfragen bin ich per E-Mail erreichbar: \ud83d\udce7 <strong><a href=\"mailto:mail@jaeger2go.local\">mail@jaeger2go.local<\/a><\/strong><\/p>\n\n\n\n<p>Ich freue mich \u00fcber eure Nachrichten!<\/p>\n\n\n\n<p><\/p>\n","protected":false},"excerpt":{"rendered":"<p>\ud83d\udc68\u200d\ud83d\udc69\u200d\ud83d\udc67\u200d\ud83d\udc66 Sch\u00fcler &amp; Eltern Bitte nutzt f\u00fcr schulische Anliegen den Schulmanager. Dar\u00fcber erreicht ihr mich am zuverl\u00e4ssigsten im schulischen Rahmen. \u2709\ufe0f Alle anderen F\u00fcr alle sonstigen Anfragen bin ich per &#8230;<\/p>\n","protected":false},"author":2,"featured_media":0,"parent":0,"menu_order":0,"comment_status":"closed","ping_status":"closed","template":"","meta":{"footnotes":""},"class_list":["post-1089","page","type-page","status-publish","hentry"],"featured_image_src":null,"_links":{"self":[{"href":"https:\/\/jaeger.schule\/index.php?rest_route=\/wp\/v2\/pages\/1089","targetHints":{"allow":["GET"]}}],"collection":[{"href":"https:\/\/jaeger.schule\/index.php?rest_route=\/wp\/v2\/pages"}],"about":[{"href":"https:\/\/jaeger.schule\/index.php?rest_route=\/wp\/v2\/types\/page"}],"author":[{"embeddable":true,"href":"https:\/\/jaeger.schule\/index.php?rest_route=\/wp\/v2\/users\/2"}],"replies":[{"embeddable":true,"href":"https:\/\/jaeger.schule\/index.php?rest_route=%2Fwp%2Fv2%2Fcomments&post=1089"}],"version-history":[{"count":5,"href":"https:\/\/jaeger.schule\/index.php?rest_route=\/wp\/v2\/pages\/1089\/revisions"}],"predecessor-version":[{"id":1257,"href":"https:\/\/jaeger.schule\/index.php?rest_route=\/wp\/v2\/pages\/1089\/revisions\/1257"}],"wp:attachment":[{"href":"https:\/\/jaeger.schule\/index.php?rest_route=%2Fwp%2Fv2%2Fmedia&parent=1089"}],"curies":[{"name":"wp","href":"https:\/\/api.w.org\/{rel}","templated":true}]}}