{"id":1079,"date":"2025-07-16T07:40:24","date_gmt":"2025-07-16T05:40:24","guid":{"rendered":"http:\/\/jaeger2go.local\/?page_id=1079"},"modified":"2025-07-19T14:16:29","modified_gmt":"2025-07-19T12:16:29","slug":"klasse-9","status":"publish","type":"page","link":"https:\/\/jaeger.schule\/?page_id=1079","title":{"rendered":"Klasse 9"},"content":{"rendered":"\n<h3 class=\"wp-block-heading\">\ud83d\udd4a\ufe0f\u2694\ufe0f <strong>Zwischen Demokratie, Diktatur und Teilung<\/strong><\/h3>\n\n\n\n<p>In Klasse 9 geht es um die dramatischsten Jahrzehnte der deutschen und europ\u00e4ischen Geschichte \u2013 mit echten Helden, gro\u00dfen Irrt\u00fcmern und tiefgreifenden Ver\u00e4nderungen.<\/p>\n\n\n\n<div style=\"height:28px\" aria-hidden=\"true\" class=\"wp-block-spacer\"><\/div>\n\n\n\n<p><strong>Die Zeit zwischen den Weltkriegen \u2013 Hoffnung und Krise<\/strong><br>Nach dem Ersten Weltkrieg versuchen viele L\u00e4nder, eine gerechte Demokratie aufzubauen. Auch Deutschland wagt mit der Weimarer Republik den Neuanfang. Doch es ist eine schwierige Zeit: Wirtschaftskrise, politische K\u00e4mpfe und gro\u00dfe Unsicherheit bringen das neue System ins Wanken.<\/p>\n\n\n\n<div style=\"height:28px\" aria-hidden=\"true\" class=\"wp-block-spacer\"><\/div>\n\n\n\n<p><strong>Nationalsozialismus und Zweiter Weltkrieg \u2013 Diktatur und Verbrechen<\/strong><br>Wie konnte Hitler an die Macht kommen? Du lernst, wie die Nazis die Demokratie zerst\u00f6ren, Menschenrechte mit F\u00fc\u00dfen treten und einen brutalen Weltkrieg entfesseln. Es geht um Propaganda, Verfolgung, Holocaust und die gr\u00f6\u00dfte Katastrophe des 20. Jahrhunderts.<\/p>\n\n\n\n<div style=\"height:28px\" aria-hidden=\"true\" class=\"wp-block-spacer\"><\/div>\n\n\n\n<p><strong>Geteiltes Deutschland \u2013 Leben in BRD und DDR<\/strong><br>Nach dem Krieg ist Deutschland in zwei Staaten geteilt: Im Westen entsteht die BRD mit Demokratie und Marktwirtschaft, im Osten die DDR mit Planwirtschaft und Kontrolle. Du siehst, wie unterschiedlich das Leben in den beiden Systemen war \u2013 bis die Mauer schlie\u00dflich f\u00e4llt.<\/p>\n","protected":false},"excerpt":{"rendered":"<p>\ud83d\udd4a\ufe0f\u2694\ufe0f Zwischen Demokratie, Diktatur und Teilung In Klasse 9 geht es um die dramatischsten Jahrzehnte der deutschen und europ\u00e4ischen Geschichte \u2013 mit echten Helden, gro\u00dfen Irrt\u00fcmern und tiefgreifenden Ver\u00e4nderungen. Die &#8230;<\/p>\n","protected":false},"author":2,"featured_media":0,"parent":1070,"menu_order":0,"comment_status":"closed","ping_status":"closed","template":"","meta":{"footnotes":""},"class_list":["post-1079","page","type-page","status-publish","hentry"],"featured_image_src":null,"_links":{"self":[{"href":"https:\/\/jaeger.schule\/index.php?rest_route=\/wp\/v2\/pages\/1079","targetHints":{"allow":["GET"]}}],"collection":[{"href":"https:\/\/jaeger.schule\/index.php?rest_route=\/wp\/v2\/pages"}],"about":[{"href":"https:\/\/jaeger.schule\/index.php?rest_route=\/wp\/v2\/types\/page"}],"author":[{"embeddable":true,"href":"https:\/\/jaeger.schule\/index.php?rest_route=\/wp\/v2\/users\/2"}],"replies":[{"embeddable":true,"href":"https:\/\/jaeger.schule\/index.php?rest_route=%2Fwp%2Fv2%2Fcomments&post=1079"}],"version-history":[{"count":2,"href":"https:\/\/jaeger.schule\/index.php?rest_route=\/wp\/v2\/pages\/1079\/revisions"}],"predecessor-version":[{"id":1282,"href":"https:\/\/jaeger.schule\/index.php?rest_route=\/wp\/v2\/pages\/1079\/revisions\/1282"}],"up":[{"embeddable":true,"href":"https:\/\/jaeger.schule\/index.php?rest_route=\/wp\/v2\/pages\/1070"}],"wp:attachment":[{"href":"https:\/\/jaeger.schule\/index.php?rest_route=%2Fwp%2Fv2%2Fmedia&parent=1079"}],"curies":[{"name":"wp","href":"https:\/\/api.w.org\/{rel}","templated":true}]}}