{"id":1077,"date":"2025-07-16T07:40:06","date_gmt":"2025-07-16T05:40:06","guid":{"rendered":"http:\/\/jaeger2go.local\/?page_id=1077"},"modified":"2025-07-19T14:13:00","modified_gmt":"2025-07-19T12:13:00","slug":"klasse-8","status":"publish","type":"page","link":"https:\/\/jaeger.schule\/?page_id=1077","title":{"rendered":"Klasse 8"},"content":{"rendered":"\n<h3 class=\"wp-block-heading\">\u2699\ufe0f\ud83d\udd25 <strong>Zwischen Revolution, Industrie und Weltkrieg<\/strong><\/h3>\n\n\n\n<p>In Klasse 8 geht\u2019s richtig zur Sache: Gro\u00dfe Ideen, gewaltige Umbr\u00fcche und ein Krieg, der die ganze Welt ersch\u00fctterte. Du wirst sehen, wie sich Europa ver\u00e4ndert \u2013 und wie diese Zeit bis heute nachwirkt.<\/p>\n\n\n\n<div style=\"height:26px\" aria-hidden=\"true\" class=\"wp-block-spacer\"><\/div>\n\n\n\n<p><strong>Europa nach der Revolution \u2013 Auf dem Weg in die Moderne<\/strong><br>Was passiert nach der Franz\u00f6sischen Revolution? Du lernst, wie sich aus K\u00f6nigreichen langsam moderne Staaten entwickeln. Menschen fordern Mitbestimmung, neue Verfassungen entstehen und der Nationalstaat wird geboren. Doch es ist auch eine Zeit voller Spannungen.<\/p>\n\n\n\n<div style=\"height:26px\" aria-hidden=\"true\" class=\"wp-block-spacer\"><\/div>\n\n\n\n<p><strong>Industrie und Wandel \u2013 Die Welt wird schneller<\/strong><br>Pl\u00f6tzlich dampfen Lokomotiven \u00fcber das Land, Fabriken schie\u00dfen aus dem Boden, Menschen ziehen in Massen in die St\u00e4dte. Du verstehst, wie die industrielle Revolution das Leben der Menschen auf den Kopf stellt \u2013 mit Maschinen, Kinderarbeit, neuen Berufen und gro\u00dfen sozialen Fragen.<\/p>\n\n\n\n<div style=\"height:26px\" aria-hidden=\"true\" class=\"wp-block-spacer\"><\/div>\n\n\n\n<p><strong>Imperialismus und Erster Weltkrieg \u2013 Macht, Kolonien und Katastrophe<\/strong><br>Europa will die Welt beherrschen \u2013 und st\u00f6\u00dft dabei auf Widerstand. Du erf\u00e4hrst, warum L\u00e4nder Kolonien eroberten, wie der Wettlauf um Macht und Einfluss immer gef\u00e4hrlicher wurde \u2013 und schlie\u00dflich im Ersten Weltkrieg explodierte. Millionen Menschen sterben \u2013 und die Welt ist danach eine andere.<\/p>\n\n\n\n<p>\ud83c\udf9e\ufe0f <a href=\"https:\/\/www.zdf.de\/video\/dokus\/die-deutschen-140\/wilhelm-und-die-welt-108\" target=\"_blank\" rel=\"noreferrer noopener\">Die Deutschen &#8211; Wilhelm und die Welt<\/a><\/p>\n\n\n\n<p><\/p>\n","protected":false},"excerpt":{"rendered":"<p>\u2699\ufe0f\ud83d\udd25 Zwischen Revolution, Industrie und Weltkrieg In Klasse 8 geht\u2019s richtig zur Sache: Gro\u00dfe Ideen, gewaltige Umbr\u00fcche und ein Krieg, der die ganze Welt ersch\u00fctterte. Du wirst sehen, wie sich &#8230;<\/p>\n","protected":false},"author":2,"featured_media":0,"parent":1070,"menu_order":0,"comment_status":"closed","ping_status":"closed","template":"","meta":{"footnotes":""},"class_list":["post-1077","page","type-page","status-publish","hentry"],"featured_image_src":null,"_links":{"self":[{"href":"https:\/\/jaeger.schule\/index.php?rest_route=\/wp\/v2\/pages\/1077","targetHints":{"allow":["GET"]}}],"collection":[{"href":"https:\/\/jaeger.schule\/index.php?rest_route=\/wp\/v2\/pages"}],"about":[{"href":"https:\/\/jaeger.schule\/index.php?rest_route=\/wp\/v2\/types\/page"}],"author":[{"embeddable":true,"href":"https:\/\/jaeger.schule\/index.php?rest_route=\/wp\/v2\/users\/2"}],"replies":[{"embeddable":true,"href":"https:\/\/jaeger.schule\/index.php?rest_route=%2Fwp%2Fv2%2Fcomments&post=1077"}],"version-history":[{"count":5,"href":"https:\/\/jaeger.schule\/index.php?rest_route=\/wp\/v2\/pages\/1077\/revisions"}],"predecessor-version":[{"id":1279,"href":"https:\/\/jaeger.schule\/index.php?rest_route=\/wp\/v2\/pages\/1077\/revisions\/1279"}],"up":[{"embeddable":true,"href":"https:\/\/jaeger.schule\/index.php?rest_route=\/wp\/v2\/pages\/1070"}],"wp:attachment":[{"href":"https:\/\/jaeger.schule\/index.php?rest_route=%2Fwp%2Fv2%2Fmedia&parent=1077"}],"curies":[{"name":"wp","href":"https:\/\/api.w.org\/{rel}","templated":true}]}}