{"id":1075,"date":"2025-07-16T07:39:48","date_gmt":"2025-07-16T05:39:48","guid":{"rendered":"http:\/\/jaeger2go.local\/?page_id=1075"},"modified":"2025-07-19T14:13:38","modified_gmt":"2025-07-19T12:13:38","slug":"klasse-7","status":"publish","type":"page","link":"https:\/\/jaeger.schule\/?page_id=1075","title":{"rendered":"Klasse 7"},"content":{"rendered":"\n<h3 class=\"wp-block-heading\">\ud83c\udff0\ud83c\udf0d <strong>Neue Zeiten, neue Welten<\/strong><\/h3>\n\n\n\n<p>In Klasse 7 wird\u2019s richtig spannend: Du reist in die Welt des Mittelalters, segelst mit Entdeckern \u00fcber unbekannte Ozeane und erlebst eine Revolution, die alles ver\u00e4ndert!<\/p>\n\n\n\n<div style=\"height:28px\" aria-hidden=\"true\" class=\"wp-block-spacer\"><\/div>\n\n\n\n<p><strong>Leben im Mittelalter \u2013 Bauern, Burgen und Begegnungen<\/strong><br>Wie war das Leben vor 1000 Jahren? Du erf\u00e4hrst, wie Bauern auf dem Feld arbeiteten, was Ritter mit Turnieren zu tun hatten und wie das Leben in einer Burg aussah. Aber auch: Was passierte, wenn Menschen auf Fremde trafen \u2013 etwa H\u00e4ndler, Pilger oder sogar Angreifer aus anderen Teilen der Welt?<\/p>\n\n\n\n<div style=\"height:28px\" aria-hidden=\"true\" class=\"wp-block-spacer\"><\/div>\n\n\n\n<p><strong>Der Sprung in die Neuzeit \u2013 Entdeckungen und Umbr\u00fcche<\/strong><br>Pl\u00f6tzlich wagen sich Schiffe \u00fcber den Atlantik, neue Kontinente werden entdeckt \u2013 und mit ihnen auch neue Konflikte. Du lernst, wie die Welt pl\u00f6tzlich \u201egr\u00f6\u00dfer\u201c wurde, aber auch gef\u00e4hrlicher. Was bedeuteten diese Entdeckungen f\u00fcr Europa \u2013 und f\u00fcr die Menschen, die erobert wurden?<\/p>\n\n\n\n<div style=\"height:28px\" aria-hidden=\"true\" class=\"wp-block-spacer\"><\/div>\n\n\n\n<p><strong>Die Franz\u00f6sische Revolution \u2013 Freiheit f\u00fcr alle?<\/strong><br>Pl\u00f6tzlich fordern Menschen: \u201eAlle sollen gleich sein!\u201c Du tauchst ein in eine Zeit voller Ideen, Aufst\u00e4nde und mutiger Menschen, die gegen K\u00f6nige und Ungerechtigkeit k\u00e4mpften. Du lernst, warum diese Revolution bis heute wichtig ist \u2013 und wie sie unsere Welt ver\u00e4ndert hat.<\/p>\n","protected":false},"excerpt":{"rendered":"<p>\ud83c\udff0\ud83c\udf0d Neue Zeiten, neue Welten In Klasse 7 wird\u2019s richtig spannend: Du reist in die Welt des Mittelalters, segelst mit Entdeckern \u00fcber unbekannte Ozeane und erlebst eine Revolution, die alles &#8230;<\/p>\n","protected":false},"author":2,"featured_media":0,"parent":1070,"menu_order":0,"comment_status":"closed","ping_status":"closed","template":"","meta":{"footnotes":""},"class_list":["post-1075","page","type-page","status-publish","hentry"],"featured_image_src":null,"_links":{"self":[{"href":"https:\/\/jaeger.schule\/index.php?rest_route=\/wp\/v2\/pages\/1075","targetHints":{"allow":["GET"]}}],"collection":[{"href":"https:\/\/jaeger.schule\/index.php?rest_route=\/wp\/v2\/pages"}],"about":[{"href":"https:\/\/jaeger.schule\/index.php?rest_route=\/wp\/v2\/types\/page"}],"author":[{"embeddable":true,"href":"https:\/\/jaeger.schule\/index.php?rest_route=\/wp\/v2\/users\/2"}],"replies":[{"embeddable":true,"href":"https:\/\/jaeger.schule\/index.php?rest_route=%2Fwp%2Fv2%2Fcomments&post=1075"}],"version-history":[{"count":3,"href":"https:\/\/jaeger.schule\/index.php?rest_route=\/wp\/v2\/pages\/1075\/revisions"}],"predecessor-version":[{"id":1280,"href":"https:\/\/jaeger.schule\/index.php?rest_route=\/wp\/v2\/pages\/1075\/revisions\/1280"}],"up":[{"embeddable":true,"href":"https:\/\/jaeger.schule\/index.php?rest_route=\/wp\/v2\/pages\/1070"}],"wp:attachment":[{"href":"https:\/\/jaeger.schule\/index.php?rest_route=%2Fwp%2Fv2%2Fmedia&parent=1075"}],"curies":[{"name":"wp","href":"https:\/\/api.w.org\/{rel}","templated":true}]}}